{"id":166,"date":"2022-01-21T17:27:04","date_gmt":"2022-01-21T17:27:04","guid":{"rendered":"https:\/\/dev.aegspa.it\/?page_id=166"},"modified":"2024-05-30T07:15:05","modified_gmt":"2024-05-30T07:15:05","slug":"chi-siamo","status":"publish","type":"page","link":"https:\/\/www.aegspa.it\/index.php\/chi-siamo\/","title":{"rendered":"Chi siamo"},"content":{"rendered":"\n\n\n<div class=\"wp-block-columns is-layout-flex wp-container-core-columns-is-layout-9d6595d7 wp-block-columns-is-layout-flex\">\n<div class=\"wp-block-column is-layout-flow wp-block-column-is-layout-flow\">\n<figure class=\"wp-block-image size-full ImgChisiamoLeft\"><img loading=\"lazy\" decoding=\"async\" width=\"888\" height=\"560\" src=\"https:\/\/www.aegspa.it\/wp-content\/uploads\/2022\/04\/71279996_xl.jpg\" alt=\"\" class=\"wp-image-2188\" srcset=\"https:\/\/www.aegspa.it\/wp-content\/uploads\/2022\/04\/71279996_xl.jpg 888w, https:\/\/www.aegspa.it\/wp-content\/uploads\/2022\/04\/71279996_xl-300x189.jpg 300w, https:\/\/www.aegspa.it\/wp-content\/uploads\/2022\/04\/71279996_xl-768x484.jpg 768w\" sizes=\"auto, (max-width: 888px) 100vw, 888px\" \/><\/figure>\n<\/div>\n\n\n\n<div class=\"wp-block-column is-layout-flow wp-block-column-is-layout-flow\">\n<figure class=\"wp-block-image size-full ImgChisiamoRight\"><img loading=\"lazy\" decoding=\"async\" width=\"888\" height=\"560\" src=\"https:\/\/www.aegspa.it\/wp-content\/uploads\/2022\/04\/53769034_xl.jpg\" alt=\"\" class=\"wp-image-2185\" srcset=\"https:\/\/www.aegspa.it\/wp-content\/uploads\/2022\/04\/53769034_xl.jpg 888w, https:\/\/www.aegspa.it\/wp-content\/uploads\/2022\/04\/53769034_xl-300x189.jpg 300w, https:\/\/www.aegspa.it\/wp-content\/uploads\/2022\/04\/53769034_xl-768x484.jpg 768w\" sizes=\"auto, (max-width: 888px) 100vw, 888px\" \/><\/figure>\n<\/div>\n<\/div>\n\n\n\n\t<div id=\"gap-1662288993\" class=\"gap-element clearfix\" style=\"display:block; height:auto;\">\n\t\t\n<style>\n#gap-1662288993 {\n  padding-top: 20px;\n}\n@media (min-width:550px) {\n  #gap-1662288993 {\n    padding-top: 30px;\n  }\n}\n<\/style>\n\t<\/div>\n\t\n\n\n\t<div id=\"col-497789560\" class=\"col medium-12 large-12\"  >\n\t\t\t\t<div class=\"col-inner\"  >\n\t\t\t\n\t\t\t\n<h2 class=\"titles\">CHI SIAMO<\/h2>\n\t\t<\/div>\n\t\t\t\t\t<\/div>\n\n\t\n\n<div class=\"row\"  id=\"row-1136918067\">\n\n\n\t<div id=\"col-695495286\" class=\"col medium-4 small-12 large-4\"  >\n\t\t\t\t<div class=\"col-inner\"  >\n\t\t\t\n\t\t\t\n<img decoding=\"async\" src=\"https:\/\/www.aegspa.it\/wp-content\/uploads\/2022\/04\/16406208_xl.jpg\">\n\n\t\t<\/div>\n\t\t\t\t\t<\/div>\n\n\t\n\n\t<div id=\"col-205670490\" class=\"col medium-7 small-12 large-7\"  >\n\t\t\t\t<div class=\"col-inner\"  >\n\t\t\t\n\t\t\t\n<p>\n<strong>AeG Riscossioni Spa<\/strong> \u00e8 una societ\u00e0 attiva nei servizi per la Pubblica Amministrazione, nei servizi e lavori per le multiutility gas acqua elettricit\u00e0 e nel settore immobiliare. L\u2019azienda nasce nel 1987 e negli anni si evolve per adeguarsi alle mutevoli e crescenti esigenze di mercato. L\u2019ultima importante evoluzione avviene nel 2018 a seguito del conferimento di AeG Srl nella attuale AeG Riscossioni Spa\n<br> \n<br> \n\nLa societ\u00e0 propone <strong> un\u2019offerta completa di servizi end-to-end <\/strong>che comprende l\u2019analisi preliminare, l\u2019ideazione del progetto e la relativa erogazione. AeG Riscossioni Spa aiuta i clienti a massimizzare le loro performance e a sviluppare la loro vision attraverso servizi customizzati.\n\n<br> \n<br> \n\n<strong>Sviluppiamo e implementiamo soluzioni innovative <\/strong>, sempre finalizzate a migliorare l\u2019efficienza dei Clienti, la loro governance e la loro compliance.<\/p>\n\t\t<\/div>\n\t\t\t\t\t<\/div>\n\n\t\n\n<\/div>\n<div class=\"row\"  id=\"row-1735788316\"> \n<div id=\"Chisiamo1\" class=\"ImgChisiamo\" style=\"width:14.2%!important\"> \n   <img decoding=\"async\" src=\"https:\/\/www.aegspa.it\/wp-content\/uploads\/2022\/05\/ChisiamoImg1.jpg\">\n<\/div>\n<div class=\"ImgChisiamo\" style=\"width:14%!important\"> \n   <img decoding=\"async\" src=\"https:\/\/www.aegspa.it\/wp-content\/uploads\/2022\/05\/ChisiamoImg2.jpg\">\n<\/div>\n<div class=\"ImgChisiamo\" style=\"width:14%!important\"> \n   <img decoding=\"async\" src=\"https:\/\/www.aegspa.it\/wp-content\/uploads\/2022\/05\/ChisiamoImg3.jpg\">\n<\/div>\n<div class=\"ImgChisiamo\" style=\"width:14%!important\"> \n   <img decoding=\"async\" src=\"https:\/\/www.aegspa.it\/wp-content\/uploads\/2022\/05\/ChisiamoImg4.jpg\">\n<\/div>\n<div class=\"ImgChisiamo\" style=\"width:14%!important\"> \n   <img decoding=\"async\" src=\"https:\/\/www.aegspa.it\/wp-content\/uploads\/2022\/05\/ChisiamoImg5.jpg\">\n<\/div>\n<div class=\"ImgChisiamo\" style=\"width:14%!important\"> \n   <img decoding=\"async\" src=\"https:\/\/www.aegspa.it\/wp-content\/uploads\/2022\/05\/ChisiamoImg6.jpg\">\n<\/div>\n<div id=\"Chisiamo7\" class=\"ImgChisiamo\" style=\"width:14%!important\"> \n   <img decoding=\"async\" src=\"https:\/\/www.aegspa.it\/wp-content\/uploads\/2022\/05\/ChisiamoImg7.jpg\">\n<\/div> \n\n<\/div> \n<div class=\"row\"  id=\"row-832565526\"> \n\n\t<div id=\"col-1396862371\" class=\"col medium-12 large-12\"  >\n\t\t\t\t<div class=\"col-inner\"  >\n\t\t\t\n\t\t\t\n<p> \nGrazie ad un approccio innovativo l\u2019azienda viene scelta dagli Enti Pubblici e dalle Multiutility che ricercano partner affidabili, in grado di realizzare e gestire <strong>importanti progetti<\/strong> caratterizzati da una diversa scala di complessit\u00e0 con l\u2019obiettivo di raggiungere <strong>risultati trasparenti e concreti sotto il profilo tecnico, amministrativo, economico e finanziario<\/strong>.\n<\/p>\n\t\t<\/div>\n\t\t\t\t\t<\/div>\n\n\t\n<\/div>\n\n<div class=\"text-center\"><div class=\"is-divider divider clearfix\" style=\"max-width:500px;background-color:rgb(0, 129, 211);\"><\/div><\/div>\n\t<div id=\"gap-741818270\" class=\"gap-element clearfix\" style=\"display:block; height:auto;\">\n\t\t\n<style>\n#gap-741818270 {\n  padding-top: 20px;\n}\n@media (min-width:550px) {\n  #gap-741818270 {\n    padding-top: 30px;\n  }\n}\n<\/style>\n\t<\/div>\n\t\n\n\n\t<div id=\"col-1796707504\" class=\"col medium-12 large-12\"  data-animate=\"bounceInUp\">\n\t\t\t\t<div class=\"col-inner\"  >\n\t\t\t\n\t\t\t\n<h2 class=\"titles\">LE NOSTRE CERTIFICAZIONI:<\/h2>\n\t\t<\/div>\n\t\t\t\t\t<\/div>\n\n\t\n<div class=\"row\"  id=\"row-98961321\">\n\n\t<div id=\"col-351993759\" class=\"col medium-12 large-12\"  data-animate=\"bounceInUp\">\n\t\t\t\t<div class=\"col-inner\"  >\n\t\t\t\n\t\t\t \n<p>\n<strong>AeG Riscossioni<\/strong> in attuazione dei principi della certificazione, ha organizzato tutte le attivit\u00e0 con la metodologia cos\u00ec detta \u201cgestione per processi\u201d che trova coerenza con le norme previste per le procedure \u201cISO\u201d per le quali abbiamo ricevuto le seguenti <strong>certificazioni ISO 9001 \u2013 14001 \u2013 45000 \u2013 27001 \u2013 50001 \u2013 SA 8000.<br\/>\n<a id=\"sa8000\" href=\"\/wp-content\/uploads\/2024\/01\/Politica-SA-8000-2021.pdf\">Clicca qui<\/a><\/strong> per scaricare la nostra politica SA 8000.\n<\/p>\n\t\t<\/div>\n\t\t\t\t\t<\/div>\n\n\t\n<\/div>\n\n<div class=\"row\"  id=\"row-1059124424\"> \n\n\t<div id=\"col-1497213226\" class=\"col text-center medium-12 large-12\"  data-animate=\"bounceInUp\">\n\t\t\t\t<div class=\"col-inner\"  >\n\t\t\t\n\t\t\t\n   <img decoding=\"async\" id=\"certificazioni\" src=\"\/wp-content\/uploads\/2024\/05\/ChiSiamoCertificazioni.jpg\">\n\t\t<\/div>\n\t\t\t\t\t<\/div>\n\n\t \n<\/div>\n","protected":false},"excerpt":{"rendered":"","protected":false},"author":1,"featured_media":0,"parent":0,"menu_order":0,"comment_status":"closed","ping_status":"closed","template":"page-blank.php","meta":{"footnotes":""},"class_list":["post-166","page","type-page","status-publish","hentry"],"yoast_head":"<title>Chi siamo - aegspa.it<\/title>\n<meta name=\"robots\" content=\"index, follow, max-snippet:-1, max-image-preview:large, max-video-preview:-1\" \/>\n<link rel=\"canonical\" href=\"https:\/\/www.aegspa.it\/index.php\/chi-siamo\/\" \/>\n<meta property=\"og:locale\" content=\"it_IT\" \/>\n<meta property=\"og:type\" content=\"article\" \/>\n<meta property=\"og:title\" content=\"Chi siamo - aegspa.it\" \/>\n<meta property=\"og:url\" content=\"https:\/\/www.aegspa.it\/index.php\/chi-siamo\/\" \/>\n<meta property=\"og:site_name\" content=\"aegspa.it\" \/>\n<meta property=\"article:modified_time\" content=\"2024-05-30T07:15:05+00:00\" \/>\n<meta property=\"og:image\" content=\"https:\/\/www.aegspa.it\/wp-content\/uploads\/2022\/04\/71279996_xl.jpg\" \/>\n<meta name=\"twitter:card\" content=\"summary_large_image\" \/>\n<meta name=\"twitter:label1\" content=\"Tempo di lettura stimato\" \/>\n\t<meta name=\"twitter:data1\" content=\"4 minuti\" \/>\n<script type=\"application\/ld+json\" class=\"yoast-schema-graph\">{\"@context\":\"https:\\\/\\\/schema.org\",\"@graph\":[{\"@type\":\"WebPage\",\"@id\":\"https:\\\/\\\/www.aegspa.it\\\/index.php\\\/chi-siamo\\\/\",\"url\":\"https:\\\/\\\/www.aegspa.it\\\/index.php\\\/chi-siamo\\\/\",\"name\":\"Chi siamo - aegspa.it\",\"isPartOf\":{\"@id\":\"https:\\\/\\\/www.aegspa.it\\\/#website\"},\"primaryImageOfPage\":{\"@id\":\"https:\\\/\\\/www.aegspa.it\\\/index.php\\\/chi-siamo\\\/#primaryimage\"},\"image\":{\"@id\":\"https:\\\/\\\/www.aegspa.it\\\/index.php\\\/chi-siamo\\\/#primaryimage\"},\"thumbnailUrl\":\"https:\\\/\\\/www.aegspa.it\\\/wp-content\\\/uploads\\\/2022\\\/04\\\/71279996_xl.jpg\",\"datePublished\":\"2022-01-21T17:27:04+00:00\",\"dateModified\":\"2024-05-30T07:15:05+00:00\",\"breadcrumb\":{\"@id\":\"https:\\\/\\\/www.aegspa.it\\\/index.php\\\/chi-siamo\\\/#breadcrumb\"},\"inLanguage\":\"it-IT\",\"potentialAction\":[{\"@type\":\"ReadAction\",\"target\":[\"https:\\\/\\\/www.aegspa.it\\\/index.php\\\/chi-siamo\\\/\"]}]},{\"@type\":\"ImageObject\",\"inLanguage\":\"it-IT\",\"@id\":\"https:\\\/\\\/www.aegspa.it\\\/index.php\\\/chi-siamo\\\/#primaryimage\",\"url\":\"https:\\\/\\\/www.aegspa.it\\\/wp-content\\\/uploads\\\/2022\\\/04\\\/71279996_xl.jpg\",\"contentUrl\":\"https:\\\/\\\/www.aegspa.it\\\/wp-content\\\/uploads\\\/2022\\\/04\\\/71279996_xl.jpg\",\"width\":888,\"height\":560},{\"@type\":\"BreadcrumbList\",\"@id\":\"https:\\\/\\\/www.aegspa.it\\\/index.php\\\/chi-siamo\\\/#breadcrumb\",\"itemListElement\":[{\"@type\":\"ListItem\",\"position\":1,\"name\":\"Home\",\"item\":\"https:\\\/\\\/www.aegspa.it\\\/\"},{\"@type\":\"ListItem\",\"position\":2,\"name\":\"Chi siamo\"}]},{\"@type\":\"WebSite\",\"@id\":\"https:\\\/\\\/www.aegspa.it\\\/#website\",\"url\":\"https:\\\/\\\/www.aegspa.it\\\/\",\"name\":\"aegspa.it\",\"description\":\"Pubblica Amministrazione, dei Servizi e Lavori per le Utilities e della Progettazione Immobiliare. \",\"publisher\":{\"@id\":\"https:\\\/\\\/www.aegspa.it\\\/#organization\"},\"potentialAction\":[{\"@type\":\"SearchAction\",\"target\":{\"@type\":\"EntryPoint\",\"urlTemplate\":\"https:\\\/\\\/www.aegspa.it\\\/?s={search_term_string}\"},\"query-input\":{\"@type\":\"PropertyValueSpecification\",\"valueRequired\":true,\"valueName\":\"search_term_string\"}}],\"inLanguage\":\"it-IT\"},{\"@type\":\"Organization\",\"@id\":\"https:\\\/\\\/www.aegspa.it\\\/#organization\",\"name\":\"AeG Riscossioni Spa\",\"url\":\"https:\\\/\\\/www.aegspa.it\\\/\",\"logo\":{\"@type\":\"ImageObject\",\"inLanguage\":\"it-IT\",\"@id\":\"https:\\\/\\\/www.aegspa.it\\\/#\\\/schema\\\/logo\\\/image\\\/\",\"url\":\"https:\\\/\\\/www.aegspa.it\\\/wp-content\\\/uploads\\\/2022\\\/03\\\/logo.png\",\"contentUrl\":\"https:\\\/\\\/www.aegspa.it\\\/wp-content\\\/uploads\\\/2022\\\/03\\\/logo.png\",\"width\":466,\"height\":62,\"caption\":\"AeG Riscossioni Spa\"},\"image\":{\"@id\":\"https:\\\/\\\/www.aegspa.it\\\/#\\\/schema\\\/logo\\\/image\\\/\"}}]}<\/script>","yoast_head_json":{"title":"Chi siamo - aegspa.it","robots":{"index":"index","follow":"follow","max-snippet":"max-snippet:-1","max-image-preview":"max-image-preview:large","max-video-preview":"max-video-preview:-1"},"canonical":"https:\/\/www.aegspa.it\/index.php\/chi-siamo\/","og_locale":"it_IT","og_type":"article","og_title":"Chi siamo - aegspa.it","og_url":"https:\/\/www.aegspa.it\/index.php\/chi-siamo\/","og_site_name":"aegspa.it","article_modified_time":"2024-05-30T07:15:05+00:00","og_image":[{"url":"https:\/\/www.aegspa.it\/wp-content\/uploads\/2022\/04\/71279996_xl.jpg","type":"","width":"","height":""}],"twitter_card":"summary_large_image","twitter_misc":{"Tempo di lettura stimato":"4 minuti"},"schema":{"@context":"https:\/\/schema.org","@graph":[{"@type":"WebPage","@id":"https:\/\/www.aegspa.it\/index.php\/chi-siamo\/","url":"https:\/\/www.aegspa.it\/index.php\/chi-siamo\/","name":"Chi siamo - aegspa.it","isPartOf":{"@id":"https:\/\/www.aegspa.it\/#website"},"primaryImageOfPage":{"@id":"https:\/\/www.aegspa.it\/index.php\/chi-siamo\/#primaryimage"},"image":{"@id":"https:\/\/www.aegspa.it\/index.php\/chi-siamo\/#primaryimage"},"thumbnailUrl":"https:\/\/www.aegspa.it\/wp-content\/uploads\/2022\/04\/71279996_xl.jpg","datePublished":"2022-01-21T17:27:04+00:00","dateModified":"2024-05-30T07:15:05+00:00","breadcrumb":{"@id":"https:\/\/www.aegspa.it\/index.php\/chi-siamo\/#breadcrumb"},"inLanguage":"it-IT","potentialAction":[{"@type":"ReadAction","target":["https:\/\/www.aegspa.it\/index.php\/chi-siamo\/"]}]},{"@type":"ImageObject","inLanguage":"it-IT","@id":"https:\/\/www.aegspa.it\/index.php\/chi-siamo\/#primaryimage","url":"https:\/\/www.aegspa.it\/wp-content\/uploads\/2022\/04\/71279996_xl.jpg","contentUrl":"https:\/\/www.aegspa.it\/wp-content\/uploads\/2022\/04\/71279996_xl.jpg","width":888,"height":560},{"@type":"BreadcrumbList","@id":"https:\/\/www.aegspa.it\/index.php\/chi-siamo\/#breadcrumb","itemListElement":[{"@type":"ListItem","position":1,"name":"Home","item":"https:\/\/www.aegspa.it\/"},{"@type":"ListItem","position":2,"name":"Chi siamo"}]},{"@type":"WebSite","@id":"https:\/\/www.aegspa.it\/#website","url":"https:\/\/www.aegspa.it\/","name":"aegspa.it","description":"Pubblica Amministrazione, dei Servizi e Lavori per le Utilities e della Progettazione Immobiliare. ","publisher":{"@id":"https:\/\/www.aegspa.it\/#organization"},"potentialAction":[{"@type":"SearchAction","target":{"@type":"EntryPoint","urlTemplate":"https:\/\/www.aegspa.it\/?s={search_term_string}"},"query-input":{"@type":"PropertyValueSpecification","valueRequired":true,"valueName":"search_term_string"}}],"inLanguage":"it-IT"},{"@type":"Organization","@id":"https:\/\/www.aegspa.it\/#organization","name":"AeG Riscossioni Spa","url":"https:\/\/www.aegspa.it\/","logo":{"@type":"ImageObject","inLanguage":"it-IT","@id":"https:\/\/www.aegspa.it\/#\/schema\/logo\/image\/","url":"https:\/\/www.aegspa.it\/wp-content\/uploads\/2022\/03\/logo.png","contentUrl":"https:\/\/www.aegspa.it\/wp-content\/uploads\/2022\/03\/logo.png","width":466,"height":62,"caption":"AeG Riscossioni Spa"},"image":{"@id":"https:\/\/www.aegspa.it\/#\/schema\/logo\/image\/"}}]}},"_links":{"self":[{"href":"https:\/\/www.aegspa.it\/index.php\/wp-json\/wp\/v2\/pages\/166","targetHints":{"allow":["GET"]}}],"collection":[{"href":"https:\/\/www.aegspa.it\/index.php\/wp-json\/wp\/v2\/pages"}],"about":[{"href":"https:\/\/www.aegspa.it\/index.php\/wp-json\/wp\/v2\/types\/page"}],"author":[{"embeddable":true,"href":"https:\/\/www.aegspa.it\/index.php\/wp-json\/wp\/v2\/users\/1"}],"replies":[{"embeddable":true,"href":"https:\/\/www.aegspa.it\/index.php\/wp-json\/wp\/v2\/comments?post=166"}],"version-history":[{"count":579,"href":"https:\/\/www.aegspa.it\/index.php\/wp-json\/wp\/v2\/pages\/166\/revisions"}],"predecessor-version":[{"id":2655,"href":"https:\/\/www.aegspa.it\/index.php\/wp-json\/wp\/v2\/pages\/166\/revisions\/2655"}],"wp:attachment":[{"href":"https:\/\/www.aegspa.it\/index.php\/wp-json\/wp\/v2\/media?parent=166"}],"curies":[{"name":"wp","href":"https:\/\/api.w.org\/{rel}","templated":true}]}}