{"id":938,"date":"2022-01-26T16:23:52","date_gmt":"2022-01-26T16:23:52","guid":{"rendered":"https:\/\/dev.aegspa.it\/?page_id=938"},"modified":"2022-01-31T16:11:35","modified_gmt":"2022-01-31T16:11:35","slug":"contatti","status":"publish","type":"page","link":"https:\/\/www.aegspa.it\/index.php\/contatti\/","title":{"rendered":"Contatti"},"content":{"rendered":"\n<style> \n   h2{\n      color: #486484;\n}\n<\/style>\n  <div id=\"page-header-809358977\" class=\"page-header-wrapper\">\n  <div class=\"page-title dark featured-title\">\n\n    \n    <div class=\"page-title-inner container align-center text-center flex-row-col medium-flex-wrap\" >\n              <div class=\"title-wrapper is-large flex-col\">\n          <h1 class=\"entry-title mb-0\">\n            CONTATTI          <\/h1>\n        <\/div>\n                    <div class=\"title-content flex-col\">\n              <\/div>\n    <\/div>\n\n     \n<style>\n#page-header-809358977 .page-title-inner {\n  min-height: 200px;\n}\n#page-header-809358977 {\n  margin-bottom: 0px;\n}\n@media (min-width:550px) {\n  #page-header-809358977 .page-title-inner {\n    min-height: 250px;\n  }\n}\n<\/style>\n  <\/div>\n    <\/div>\n  \n\n<div class=\"row\"  id=\"row-1269579091\">\n\t<div id=\"gap-313690985\" class=\"gap-element clearfix\" style=\"display:block; height:auto;\">\n\t\t\n<style>\n#gap-313690985 {\n  padding-top: 75px;\n}\n<\/style>\n\t<\/div>\n\t\n\n\t<div id=\"col-463032911\" class=\"col medium-6 small-12 large-6\"  >\n\t\t\t\t<div class=\"col-inner\"  >\n\t\t\t\n\t\t\t\n<p>\nPer qualunque informazione ti invitiamo a contattarci utilizzando il seguente form. <\/p>\n<h4><strong>Dati Aziendali:<\/strong><\/h4>\n<p>\n<strong>AeG Riscossioni Spa<\/strong> <br>\nVia Umberto Dianda, 210 <br>\nLucca, 55100 <br>\nItalia <br>\nP.Iva: 02516300460\n<\/p>\n<h4><strong>Contatti:<\/strong><\/h4><p>\nEmail: info@aegspa.it<br>\nPec: aegriscossioni@onpec.it<br>\nTel.: +39 0583 43331<br>\nFax: +39 0583 433335<br>\n<\/p><p>\nDesideri lavorare con noi e desideri inviare la tua candidatura? Vai alla sezione <a href=\"https:\/\/www.aegspa.it\/index.php\/lavora-con-noi\/\"> <strong>&#8220;lavora con noi&#8221;<\/strong><\/a> per inviarci il tuo CV.<\/p>\n\n\t\t<\/div>\n\t\t\t\t\n<style>\n#col-463032911 > .col-inner {\n  padding: 0px 0px 0px 0px;\n}\n<\/style>\n\t<\/div>\n\n\t\n\n\t<div id=\"col-1891710360\" class=\"col ContactFormsNoCV medium-6 small-12 large-6\"  >\n\t\t\t\t<div class=\"col-inner\"  >\n\t\t\t\n\t\t\t\n\n\n<div class=\"wpcf7 no-js\" id=\"wpcf7-f4-o1\" lang=\"it-IT\" dir=\"ltr\" data-wpcf7-id=\"4\">\n<div class=\"screen-reader-response\"><p role=\"status\" aria-live=\"polite\" aria-atomic=\"true\"><\/p> <ul><\/ul><\/div>\n<form action=\"\/index.php\/wp-json\/wp\/v2\/pages\/938#wpcf7-f4-o1\" method=\"post\" class=\"wpcf7-form init\" aria-label=\"Modulo di contatto\" novalidate=\"novalidate\" data-status=\"init\">\n<fieldset class=\"hidden-fields-container\"><input type=\"hidden\" name=\"_wpcf7\" value=\"4\" \/><input type=\"hidden\" name=\"_wpcf7_version\" value=\"6.1.5\" \/><input type=\"hidden\" name=\"_wpcf7_locale\" value=\"it_IT\" \/><input type=\"hidden\" name=\"_wpcf7_unit_tag\" value=\"wpcf7-f4-o1\" \/><input type=\"hidden\" name=\"_wpcf7_container_post\" value=\"0\" \/><input type=\"hidden\" name=\"_wpcf7_posted_data_hash\" value=\"\" \/><input type=\"hidden\" name=\"_wpcf7_recaptcha_response\" value=\"\" \/>\n<\/fieldset>\n<p><label> Il tuo nome<br \/>\n<span class=\"wpcf7-form-control-wrap\" data-name=\"your-name\"><input size=\"40\" maxlength=\"400\" class=\"wpcf7-form-control wpcf7-text wpcf7-validates-as-required\" aria-required=\"true\" aria-invalid=\"false\" value=\"\" type=\"text\" name=\"your-name\" \/><\/span> <\/label>\n<\/p>\n<p><label> La tua email<br \/>\n<span class=\"wpcf7-form-control-wrap\" data-name=\"your-email\"><input size=\"40\" maxlength=\"400\" class=\"wpcf7-form-control wpcf7-email wpcf7-validates-as-required wpcf7-text wpcf7-validates-as-email\" aria-required=\"true\" aria-invalid=\"false\" value=\"\" type=\"email\" name=\"your-email\" \/><\/span> <\/label>\n<\/p>\n<p><label> Oggetto<br \/>\n<span class=\"wpcf7-form-control-wrap\" data-name=\"your-subject\"><input size=\"40\" maxlength=\"400\" class=\"wpcf7-form-control wpcf7-text wpcf7-validates-as-required\" aria-required=\"true\" aria-invalid=\"false\" value=\"\" type=\"text\" name=\"your-subject\" \/><\/span> <\/label>\n<\/p>\n<p><label> Il tuo messaggio (facoltativo)<br \/>\n<span class=\"wpcf7-form-control-wrap\" data-name=\"your-message\"><textarea cols=\"40\" rows=\"10\" maxlength=\"2000\" class=\"wpcf7-form-control wpcf7-textarea\" aria-invalid=\"false\" name=\"your-message\"><\/textarea><\/span> <\/label><br \/>\n<span class=\"wpcf7-form-control-wrap\" data-name=\"acceptance-981\"><span class=\"wpcf7-form-control wpcf7-acceptance\"><span class=\"wpcf7-list-item\"><label><input type=\"checkbox\" name=\"acceptance-981\" value=\"1\" aria-invalid=\"false\" \/><span class=\"wpcf7-list-item-label\">Autorizzo al trattamento dei dati: <a href='https:\/\/www.aegspa.it\/index.php\/pivacy-e-cookie-policy\/' target='_blank'>Privacy Policy<\/a><\/span><\/label><\/span><\/span><\/span><br \/>\n<input class=\"wpcf7-form-control wpcf7-submit has-spinner\" type=\"submit\" value=\"Invia\" \/>\n<\/p><div class=\"wpcf7-response-output\" aria-hidden=\"true\"><\/div>\n<\/form>\n<\/div>\n\n\n\t\t<\/div>\n\t\t\t\t\t<\/div>\n\n\t\n\n<\/div>\n\t<div id=\"gap-729802254\" class=\"gap-element clearfix\" style=\"display:block; height:auto;\">\n\t\t\n<style>\n#gap-729802254 {\n  padding-top: 10px;\n}\n<\/style>\n\t<\/div>\n\t\n<div class=\"text-center\"><div class=\"is-divider divider clearfix\" style=\"max-width:500px;background-color:rgb(0, 129, 211);\"><\/div><\/div>\n\t<div id=\"gap-999728118\" class=\"gap-element clearfix\" style=\"display:block; height:auto;\">\n\t\t\n<style>\n#gap-999728118 {\n  padding-top: 30px;\n}\n<\/style>\n\t<\/div>\n\t\n<div class=\"row\"  id=\"row-2130265175\"> \n\n\t<div id=\"col-341118494\" class=\"col medium-12 small-12 large-12\"  data-animate=\"bounceInUp\">\n\t\t\t\t<div class=\"col-inner\"  >\n\t\t\t\n\t\t\t\n<h2 style=\"text-align:center\">DOVE SIAMO:<\/h2>\n<p>La nostra sede legale si trova nella citt\u00e0 di Lucca dove risiedono gli uffici di direzione, lo sviluppo delle attivit\u00e0 finanziarie, amministrative, di produzione e commerciale. Siamo presenti su tutto il territorio nazionale con unit\u00e0 operative che si occupano della gestione dei Clienti.<\/p> \n\t\t<\/div>\n\t\t\t\t\n<style>\n#col-341118494 > .col-inner {\n  padding: 0px 0px 0px 0px;\n}\n<\/style>\n\t<\/div>\n\n\t \n<\/div>\n<div class=\"row\"  id=\"row-154318691\">\n\n\t<div id=\"col-126981169\" class=\"col medium-12 small-12 large-12\"  data-animate=\"bounceInUp\">\n\t\t\t\t<div class=\"col-inner\"  >\n\t\t\t\n\t\t\t\n\n\n\n<div class=\"wp-block-columns is-layout-flex wp-container-core-columns-is-layout-9d6595d7 wp-block-columns-is-layout-flex\">\n<div class=\"wp-block-column is-layout-flow wp-block-column-is-layout-flow\" style=\"flex-basis:15%\"><\/div>\n\n\n\n<div class=\"wp-block-column is-layout-flow wp-block-column-is-layout-flow\" style=\"flex-basis:70%\">\n<div class=\"wp-block-interactive-geo-maps-display-map\"><div class=\"map_wrapper\" id=\"map_wrapper_1303\">\n<div class=\"map_box\" style=\"max-width:2000px\">\n<div class=\"map_aspect_ratio\" style=\"padding-top:56%\" data-padding-top=\"56%\" data-padding-top-mobile=\"\">\n<div class=\"map_container\">\n<div class=\"map_render map_loading\" id=\"map_1303\"><\/div>\n<\/div>\n<\/div>\n<\/div>\n<\/div><\/div>\n<\/div>\n\n\n\n<div class=\"wp-block-column is-layout-flow wp-block-column-is-layout-flow\" style=\"flex-basis:15%\"><\/div>\n<\/div>\n\n\n\n\t\t<\/div>\n\t\t\t\t\n<style>\n#col-126981169 > .col-inner {\n  padding: 0px 0px 0px 0px;\n}\n<\/style>\n\t<\/div>\n\n\t\n<\/div>\n","protected":false},"excerpt":{"rendered":"","protected":false},"author":1,"featured_media":0,"parent":0,"menu_order":0,"comment_status":"closed","ping_status":"closed","template":"","meta":{"footnotes":""},"class_list":["post-938","page","type-page","status-publish","hentry"],"yoast_head":"<title>Contatti - aegspa.it<\/title>\n<meta name=\"robots\" content=\"index, follow, max-snippet:-1, max-image-preview:large, max-video-preview:-1\" \/>\n<link rel=\"canonical\" href=\"https:\/\/www.aegspa.it\/index.php\/contatti\/\" \/>\n<meta property=\"og:locale\" content=\"it_IT\" \/>\n<meta property=\"og:type\" content=\"article\" \/>\n<meta property=\"og:title\" content=\"Contatti - aegspa.it\" \/>\n<meta property=\"og:url\" content=\"https:\/\/www.aegspa.it\/index.php\/contatti\/\" \/>\n<meta property=\"og:site_name\" content=\"aegspa.it\" \/>\n<meta property=\"article:modified_time\" content=\"2022-01-31T16:11:35+00:00\" \/>\n<meta name=\"twitter:card\" content=\"summary_large_image\" \/>\n<meta name=\"twitter:label1\" content=\"Tempo di lettura stimato\" \/>\n\t<meta name=\"twitter:data1\" content=\"1 minuto\" \/>\n<script type=\"application\/ld+json\" class=\"yoast-schema-graph\">{\"@context\":\"https:\\\/\\\/schema.org\",\"@graph\":[{\"@type\":\"WebPage\",\"@id\":\"https:\\\/\\\/www.aegspa.it\\\/index.php\\\/contatti\\\/\",\"url\":\"https:\\\/\\\/www.aegspa.it\\\/index.php\\\/contatti\\\/\",\"name\":\"Contatti - aegspa.it\",\"isPartOf\":{\"@id\":\"https:\\\/\\\/www.aegspa.it\\\/#website\"},\"datePublished\":\"2022-01-26T16:23:52+00:00\",\"dateModified\":\"2022-01-31T16:11:35+00:00\",\"breadcrumb\":{\"@id\":\"https:\\\/\\\/www.aegspa.it\\\/index.php\\\/contatti\\\/#breadcrumb\"},\"inLanguage\":\"it-IT\",\"potentialAction\":[{\"@type\":\"ReadAction\",\"target\":[\"https:\\\/\\\/www.aegspa.it\\\/index.php\\\/contatti\\\/\"]}]},{\"@type\":\"BreadcrumbList\",\"@id\":\"https:\\\/\\\/www.aegspa.it\\\/index.php\\\/contatti\\\/#breadcrumb\",\"itemListElement\":[{\"@type\":\"ListItem\",\"position\":1,\"name\":\"Home\",\"item\":\"https:\\\/\\\/www.aegspa.it\\\/\"},{\"@type\":\"ListItem\",\"position\":2,\"name\":\"Contatti\"}]},{\"@type\":\"WebSite\",\"@id\":\"https:\\\/\\\/www.aegspa.it\\\/#website\",\"url\":\"https:\\\/\\\/www.aegspa.it\\\/\",\"name\":\"aegspa.it\",\"description\":\"Pubblica Amministrazione, dei Servizi e Lavori per le Utilities e della Progettazione Immobiliare. \",\"publisher\":{\"@id\":\"https:\\\/\\\/www.aegspa.it\\\/#organization\"},\"potentialAction\":[{\"@type\":\"SearchAction\",\"target\":{\"@type\":\"EntryPoint\",\"urlTemplate\":\"https:\\\/\\\/www.aegspa.it\\\/?s={search_term_string}\"},\"query-input\":{\"@type\":\"PropertyValueSpecification\",\"valueRequired\":true,\"valueName\":\"search_term_string\"}}],\"inLanguage\":\"it-IT\"},{\"@type\":\"Organization\",\"@id\":\"https:\\\/\\\/www.aegspa.it\\\/#organization\",\"name\":\"AeG Riscossioni Spa\",\"url\":\"https:\\\/\\\/www.aegspa.it\\\/\",\"logo\":{\"@type\":\"ImageObject\",\"inLanguage\":\"it-IT\",\"@id\":\"https:\\\/\\\/www.aegspa.it\\\/#\\\/schema\\\/logo\\\/image\\\/\",\"url\":\"https:\\\/\\\/www.aegspa.it\\\/wp-content\\\/uploads\\\/2022\\\/03\\\/logo.png\",\"contentUrl\":\"https:\\\/\\\/www.aegspa.it\\\/wp-content\\\/uploads\\\/2022\\\/03\\\/logo.png\",\"width\":466,\"height\":62,\"caption\":\"AeG Riscossioni Spa\"},\"image\":{\"@id\":\"https:\\\/\\\/www.aegspa.it\\\/#\\\/schema\\\/logo\\\/image\\\/\"}}]}<\/script>","yoast_head_json":{"title":"Contatti - aegspa.it","robots":{"index":"index","follow":"follow","max-snippet":"max-snippet:-1","max-image-preview":"max-image-preview:large","max-video-preview":"max-video-preview:-1"},"canonical":"https:\/\/www.aegspa.it\/index.php\/contatti\/","og_locale":"it_IT","og_type":"article","og_title":"Contatti - aegspa.it","og_url":"https:\/\/www.aegspa.it\/index.php\/contatti\/","og_site_name":"aegspa.it","article_modified_time":"2022-01-31T16:11:35+00:00","twitter_card":"summary_large_image","twitter_misc":{"Tempo di lettura stimato":"1 minuto"},"schema":{"@context":"https:\/\/schema.org","@graph":[{"@type":"WebPage","@id":"https:\/\/www.aegspa.it\/index.php\/contatti\/","url":"https:\/\/www.aegspa.it\/index.php\/contatti\/","name":"Contatti - aegspa.it","isPartOf":{"@id":"https:\/\/www.aegspa.it\/#website"},"datePublished":"2022-01-26T16:23:52+00:00","dateModified":"2022-01-31T16:11:35+00:00","breadcrumb":{"@id":"https:\/\/www.aegspa.it\/index.php\/contatti\/#breadcrumb"},"inLanguage":"it-IT","potentialAction":[{"@type":"ReadAction","target":["https:\/\/www.aegspa.it\/index.php\/contatti\/"]}]},{"@type":"BreadcrumbList","@id":"https:\/\/www.aegspa.it\/index.php\/contatti\/#breadcrumb","itemListElement":[{"@type":"ListItem","position":1,"name":"Home","item":"https:\/\/www.aegspa.it\/"},{"@type":"ListItem","position":2,"name":"Contatti"}]},{"@type":"WebSite","@id":"https:\/\/www.aegspa.it\/#website","url":"https:\/\/www.aegspa.it\/","name":"aegspa.it","description":"Pubblica Amministrazione, dei Servizi e Lavori per le Utilities e della Progettazione Immobiliare. ","publisher":{"@id":"https:\/\/www.aegspa.it\/#organization"},"potentialAction":[{"@type":"SearchAction","target":{"@type":"EntryPoint","urlTemplate":"https:\/\/www.aegspa.it\/?s={search_term_string}"},"query-input":{"@type":"PropertyValueSpecification","valueRequired":true,"valueName":"search_term_string"}}],"inLanguage":"it-IT"},{"@type":"Organization","@id":"https:\/\/www.aegspa.it\/#organization","name":"AeG Riscossioni Spa","url":"https:\/\/www.aegspa.it\/","logo":{"@type":"ImageObject","inLanguage":"it-IT","@id":"https:\/\/www.aegspa.it\/#\/schema\/logo\/image\/","url":"https:\/\/www.aegspa.it\/wp-content\/uploads\/2022\/03\/logo.png","contentUrl":"https:\/\/www.aegspa.it\/wp-content\/uploads\/2022\/03\/logo.png","width":466,"height":62,"caption":"AeG Riscossioni Spa"},"image":{"@id":"https:\/\/www.aegspa.it\/#\/schema\/logo\/image\/"}}]}},"_links":{"self":[{"href":"https:\/\/www.aegspa.it\/index.php\/wp-json\/wp\/v2\/pages\/938","targetHints":{"allow":["GET"]}}],"collection":[{"href":"https:\/\/www.aegspa.it\/index.php\/wp-json\/wp\/v2\/pages"}],"about":[{"href":"https:\/\/www.aegspa.it\/index.php\/wp-json\/wp\/v2\/types\/page"}],"author":[{"embeddable":true,"href":"https:\/\/www.aegspa.it\/index.php\/wp-json\/wp\/v2\/users\/1"}],"replies":[{"embeddable":true,"href":"https:\/\/www.aegspa.it\/index.php\/wp-json\/wp\/v2\/comments?post=938"}],"version-history":[{"count":89,"href":"https:\/\/www.aegspa.it\/index.php\/wp-json\/wp\/v2\/pages\/938\/revisions"}],"predecessor-version":[{"id":1509,"href":"https:\/\/www.aegspa.it\/index.php\/wp-json\/wp\/v2\/pages\/938\/revisions\/1509"}],"wp:attachment":[{"href":"https:\/\/www.aegspa.it\/index.php\/wp-json\/wp\/v2\/media?parent=938"}],"curies":[{"name":"wp","href":"https:\/\/api.w.org\/{rel}","templated":true}]}}